{"id":5,"date":"2022-01-07T21:03:44","date_gmt":"2022-01-07T21:03:44","guid":{"rendered":"https:\/\/tabak.hu\/?page_id=5"},"modified":"2022-01-23T17:54:43","modified_gmt":"2022-01-23T17:54:43","slug":"keszitse-el-webhelyet-blokkokkal","status":"publish","type":"page","link":"https:\/\/tabak.hu\/","title":{"rendered":""},"content":{"rendered":"\n<h2 class=\"alignwide has-text-align-center has-text-align-wide\" style=\"font-size:60px;line-height:1.1\">A &#8220;tabak.hu&#8221; domain n\u00e9v elad\u00f3!<\/h2>\n\n\n\n<p><\/p>\n\n\n\n<p><\/p>\n\n\n\n<h2 class=\"alignwide has-text-align-center has-text-align-wide\" style=\"font-size:50px;line-height:1.1\">Ir\u00e1ny\u00e1r: 3.000.000 HU Forint <\/h2>\n\n\n\n<p class=\"has-text-align-center has-large-font-size\">El\u00e9rhet\u0151s\u00e9g:<\/p>\n\n\n\n<p class=\"has-text-align-center has-primary-color has-text-color has-background has-large-font-size\" style=\"background-color:#c2d497\"><em>gatis@luna.hu<\/em><\/p>\n\n\n\n<div style=\"height:100px\" aria-hidden=\"true\" class=\"wp-block-spacer\"><\/div>\n\n\n\n<div class=\"wp-block-columns alignwide are-vertically-aligned-center is-style-twentytwentyone-columns-overlap\">\n<div class=\"wp-block-column is-vertically-aligned-center\">\n<figure class=\"wp-block-image alignfull size-large\"><img loading=\"lazy\" width=\"1024\" height=\"757\" src=\"https:\/\/tabak.hu\/wp-content\/uploads\/2022\/01\/Tuz-1024x757.jpg\" alt=\"\" class=\"wp-image-30\" srcset=\"https:\/\/tabak.hu\/wp-content\/uploads\/2022\/01\/Tuz-1024x757.jpg 1024w, https:\/\/tabak.hu\/wp-content\/uploads\/2022\/01\/Tuz-300x222.jpg 300w, https:\/\/tabak.hu\/wp-content\/uploads\/2022\/01\/Tuz-768x568.jpg 768w, https:\/\/tabak.hu\/wp-content\/uploads\/2022\/01\/Tuz-1536x1136.jpg 1536w, https:\/\/tabak.hu\/wp-content\/uploads\/2022\/01\/Tuz-624x461.jpg 624w, https:\/\/tabak.hu\/wp-content\/uploads\/2022\/01\/Tuz.jpg 1812w\" sizes=\"(max-width: 1024px) 100vw, 1024px\" \/><\/figure>\n<\/div>\n<\/div>\n","protected":false},"excerpt":{"rendered":"<p>A &#8220;tabak.hu&#8221; domain n\u00e9v elad\u00f3! Ir\u00e1ny\u00e1r: 3.000.000 HU Forint El\u00e9rhet\u0151s\u00e9g: gatis@luna.hu<\/p>\n","protected":false},"author":1,"featured_media":0,"parent":0,"menu_order":0,"comment_status":"closed","ping_status":"closed","template":"","meta":[],"_links":{"self":[{"href":"https:\/\/tabak.hu\/index.php\/wp-json\/wp\/v2\/pages\/5"}],"collection":[{"href":"https:\/\/tabak.hu\/index.php\/wp-json\/wp\/v2\/pages"}],"about":[{"href":"https:\/\/tabak.hu\/index.php\/wp-json\/wp\/v2\/types\/page"}],"author":[{"embeddable":true,"href":"https:\/\/tabak.hu\/index.php\/wp-json\/wp\/v2\/users\/1"}],"replies":[{"embeddable":true,"href":"https:\/\/tabak.hu\/index.php\/wp-json\/wp\/v2\/comments?post=5"}],"version-history":[{"count":8,"href":"https:\/\/tabak.hu\/index.php\/wp-json\/wp\/v2\/pages\/5\/revisions"}],"predecessor-version":[{"id":37,"href":"https:\/\/tabak.hu\/index.php\/wp-json\/wp\/v2\/pages\/5\/revisions\/37"}],"wp:attachment":[{"href":"https:\/\/tabak.hu\/index.php\/wp-json\/wp\/v2\/media?parent=5"}],"curies":[{"name":"wp","href":"https:\/\/api.w.org\/{rel}","templated":true}]}}